{"id":497,"date":"2020-08-27T11:28:06","date_gmt":"2020-08-27T16:28:06","guid":{"rendered":"http:\/\/localhost\/gerenciaycontrol\/?page_id=497"},"modified":"2023-02-21T17:24:30","modified_gmt":"2023-02-21T22:24:30","slug":"historia","status":"publish","type":"page","link":"https:\/\/gerenciaycontrol.com.co\/?page_id=497","title":{"rendered":"Historia"},"content":{"rendered":"\t\t<div data-elementor-type=\"wp-page\" data-elementor-id=\"497\" class=\"elementor elementor-497\">\n\t\t\t\t\t\t<section class=\"elementor-section elementor-top-section elementor-element elementor-element-51e2018 elementor-section-boxed elementor-section-height-default elementor-section-height-default\" data-id=\"51e2018\" data-element_type=\"section\" data-e-type=\"section\">\n\t\t\t\t\t\t<div class=\"elementor-container elementor-column-gap-default\">\n\t\t\t\t\t<div class=\"elementor-column elementor-col-100 elementor-top-column elementor-element elementor-element-cb7feb4\" data-id=\"cb7feb4\" data-element_type=\"column\" data-e-type=\"column\">\n\t\t\t<div class=\"elementor-widget-wrap elementor-element-populated\">\n\t\t\t\t\t\t<div class=\"elementor-element elementor-element-f36fbb5 elementor-widget elementor-widget-heading\" data-id=\"f36fbb5\" data-element_type=\"widget\" data-e-type=\"widget\" data-widget_type=\"heading.default\">\n\t\t\t\t<div class=\"elementor-widget-container\">\n\t\t\t\t\t<h2 class=\"elementor-heading-title elementor-size-xxl\">Nuestra Historia <\/h2>\t\t\t\t<\/div>\n\t\t\t\t<\/div>\n\t\t\t\t<div class=\"elementor-element elementor-element-b6ee304 elementor-widget elementor-widget-heading\" data-id=\"b6ee304\" data-element_type=\"widget\" data-e-type=\"widget\" data-widget_type=\"heading.default\">\n\t\t\t\t<div class=\"elementor-widget-container\">\n\t\t\t\t\t<h2 class=\"elementor-heading-title elementor-size-small\">desde 1997 ha sido creada con nuestros clientes<\/h2>\t\t\t\t<\/div>\n\t\t\t\t<\/div>\n\t\t\t\t\t<\/div>\n\t\t<\/div>\n\t\t\t\t\t<\/div>\n\t\t<\/section>\n\t\t\t\t<section class=\"elementor-section elementor-top-section elementor-element elementor-element-337c9c9 elementor-section-boxed elementor-section-height-default elementor-section-height-default\" data-id=\"337c9c9\" data-element_type=\"section\" data-e-type=\"section\">\n\t\t\t\t\t\t<div class=\"elementor-container elementor-column-gap-default\">\n\t\t\t\t\t<div class=\"elementor-column elementor-col-50 elementor-top-column elementor-element elementor-element-b13bef7\" data-id=\"b13bef7\" data-element_type=\"column\" data-e-type=\"column\">\n\t\t\t<div class=\"elementor-widget-wrap elementor-element-populated\">\n\t\t\t\t\t\t<div class=\"elementor-element elementor-element-09c7b2c elementor-widget elementor-widget-text-editor\" data-id=\"09c7b2c\" data-element_type=\"widget\" data-e-type=\"widget\" data-widget_type=\"text-editor.default\">\n\t\t\t\t<div class=\"elementor-widget-container\">\n\t\t\t\t\t\t\t\t\t<ul>\n \t<li>3M COLOMBIA S.A<\/li>\n \t<li>4 A FASHION S.A.S<\/li>\n \t<li>A. ESCOBAR RESTREPO &amp; CIA S.C.A EN LIQUIDACI\u00d3N<\/li>\n \t<li>ABURRA LTDA.<\/li>\n \t<li>ACCI\u00d3N FIDUCIARIA S.A.<\/li>\n \t<li>ACP UNO SAS<\/li>\n \t<li>ACUATUBOS LTDA.<\/li>\n \t<li>ADA TOURS S.A.S<\/li>\n \t<li>ADMINISTRADORA HOTELERA MEDELLIN S.A.<\/li>\n \t<li>AEROLINEA DE ANTIOQUIA S.A.S<\/li>\n \t<li>AF ABOGADOS S.A.S<\/li>\n \t<li>AGENCIA DE ADUANAS LACOSTE Y ASOCIADOS S.A<\/li>\n \t<li>ALIMENTOS FRIKO S.A.S.<\/li>\n \t<li>ALMIDONES DE SUCRE S.A.S.<\/li>\n \t<li>AMCOR PET PACKAGING S.A.<\/li>\n \t<li>AMEROTEX S.A.S<\/li>\n \t<li>ANDEAN TRADING SOLUTIONS S.A.S<\/li>\n \t<li>ANDINA DE MATERIALES INDUSTRIALES S.A.<\/li>\n \t<li>AQUATERRA S.A.<\/li>\n \t<li>ARES<\/li>\n \t<li>ARQUIDI\u00d3CESIS DE MEDELLIN, ART\u00cdCULOS DE SEGURIDAD S.A.<\/li>\n \t<li>ARQUIDIOCESIS DE SANTA FE DE ANTIOQUIA<\/li>\n \t<li>ARQUIMUEBLES S.A.S<\/li>\n \t<li>ASESOR\u00cdAS T\u00c9CNICAS INDUSTRIALES LTDA.<\/li>\n \t<li>ASOCIACION COLOMBIANA DE INDUSTRIAS PLASTICAS ACOPLASTICOS<\/li>\n \t<li>ASOCIACION COLOMBO FRANCESA DE ENSE\u00d1ANZA<\/li>\n \t<li>ASOCIACION DE EMPRESARIOS DE APARCADEROS DE ANTIOQUIA APARCA<\/li>\n \t<li>ASOCIACION DE EXALUMNOS DEL GIMNASIO CAMPESTRE<\/li>\n \t<li>ASOCIACION DE PADRES DE FAMILIA DEL COLEGIO ANGLO COLOMBIANO &#8211; ASOPANGLO<\/li>\n \t<li>ASOCIACION DE PADRES DE FAMILIA DEL COLEGIO CRISTOBAL COLON<\/li>\n \t<li>ASOCIACION DE PADRES DE FAMILIA DEL COLEGIO NUEVA GRANADA<\/li>\n \t<li>ASOCIACION DE PADRES DE FAMILIA DEL GIMNASIO CAMPESTRE<\/li>\n \t<li>ASOCIACION ESCOLAR HELVETIA<\/li>\n \t<li>ASOVEGAS, ASOCIACION DE PADRES DE FAMILIA DEL COLEGIO SAN JOSE DE LAS VEGAS<\/li>\n \t<li>AVAL AMBIENTAL EMPRESARIALS.A.S<\/li>\n \t<li>BIOINDUSTRIAL NUTRISAN S.A.S.<\/li>\n \t<li>BKAL S.A.S<\/li>\n \t<li>BKCOL S.A.S<\/li>\n \t<li>BOCADILLOS EL CARIBE S.A.<\/li>\n \t<li>BONDEADOS Y LAMINADOS COMERCIALES S.A.<\/li>\n \t<li>BUJES Y HERRAJES IBH S.A.S.<\/li>\n \t<li>BUSES Y AUTOS DE COLOMBIA S.A.<\/li>\n \t<li>CAJA ARQUIDIOCESANA DE PRESTACIONES SOCIALES<\/li>\n \t<li>CALA COLOMBIA S.A.S<\/li>\n \t<li>CALIFORNIA MINING SOLUTIONS SAS<\/li>\n \t<li>CALORCOL S.A.S.<\/li>\n \t<li>C\u00c1MARA DE COMERCIO DE MANIZALES<\/li>\n \t<li>C\u00c1MARA DE COMERCIO DE MEDELLIN<\/li>\n \t<li>CARITAS ARQUIDIOCESANA DE MEDELL\u00cdN<\/li>\n \t<li>CASA UNO TRES S.A.S<\/li>\n \t<li>CELSIA S.A. E.S.P.<\/li>\n \t<li>CENTRO DE NEGOCIOS TECNOTEAM SAS<\/li>\n \t<li>CHAMPLAST S.A.S.<\/li>\n \t<li>C\u00cdA. LATINOAMERICANA DE SEGURIDAD INDUSTRIAL S.A.<\/li>\n \t<li>CIVIL LICEO CRISTO REY<\/li>\n \t<li>COL. NUESTRA SRA. DE CHIQUINQUIR\u00c1<\/li>\n \t<li>COLECCIONES EXCLUSIVAS DE TEXTILES S.A.S<\/li>\n \t<li>COLEGIO CARMELITANO<\/li>\n \t<li>COLEGIO DE MAR\u00cdA<\/li>\n \t<li>COLEGIO LA ASUNCI\u00d3N<\/li>\n \t<li>COLEGIO NUESTRA SRA. DEL SAGRADO CORAZ\u00d3N<\/li>\n \t<li>COLEGIO PABLO VI<\/li>\n \t<li>COLEGIO PARROQUIA SAN FRANCISCO DE AS\u00cdS<\/li>\n \t<li>COLEGIO PARROQUIAL EMAUS<\/li>\n \t<li>COLEGIO PARROQUIAL JUAN PABLO LL<\/li>\n \t<li>COLEGIO PARROQUIAL NUESTRA SE\u00d1ORA DEL BUEN CONSEJO<\/li>\n \t<li>COLEGIO PARROQUIAL SAN JUDAS TADEO<\/li>\n \t<li>COLEGIO ROCHESTER<\/li>\n \t<li>COLEGIO SAGRADO CORAZON DE MARIA BELLO<\/li>\n \t<li>COLEGIO SAN BUENAVENTURA<\/li>\n \t<li>COLEGIO SAN GABRIEL DE LA DOLOROSA<\/li>\n \t<li>COLEGIO SAN RAFAEL<\/li>\n \t<li>COLOMBIANA DE VIGILANCIA TECNICA COVITEC LIMITADA<\/li>\n \t<li>COLOMBIANA KIMBERLY COLPAPEL S.A.<\/li>\n \t<li>COLTEFINANCIERA S.A.<\/li>\n \t<li>COMERCIALIZADORA INTERNACIONAL JEANS S.A.S<\/li>\n \t<li>COMFAMA<\/li>\n \t<li>COMPA\u00d1\u00cdA COLOMBIANA DE INVERSIONES S.A.<\/li>\n \t<li>CONDISE\u00d1O ARQUITECTOS S.A.<\/li>\n \t<li>COOPERATIVA DE CAFICULTORES DE ANDES<\/li>\n \t<li>COOPERATIVA DE CAFICULTORES DE ANTIOQUIA<\/li>\n \t<li>COOPERATIVA DE HOSPITALES DE ANTIOQUIA<\/li>\n \t<li>COOPERATIVA DE TRABAJADORES DEL GREMIO CAFETERO<\/li>\n \t<li>COOPERATIVA INDUSTRIAL DE MARINILLA<\/li>\n \t<li>CORETECH COLOMBIA S.A.S<\/li>\n \t<li>CORPORACI\u00d3N ABRAHAM LINCOLN<\/li>\n \t<li>CORPORACION AMIGOS DE SAN JOSE DE LAS VEGAS<\/li>\n \t<li>CORPORACION ARQUIDIOCESANA DE SERVICIOS EXEQUIALES EL TABOR LA CANDELARIA<\/li>\n \t<li>CORPORACION BIOSUROESTE<\/li>\n \t<li>CORPORACI\u00d3N CENTRO DE CIENCIA Y TECNOLOG\u00cdA CTA<\/li>\n \t<li>CORPORACION COLEGIO CRISTOBAL COLON &#8211; THE COLUMBUS SCHOOL<\/li>\n \t<li>CORPORACION COLEGIO LOS NOGALES<\/li>\n \t<li>CORPORACI\u00d3N COLEGIO NUEVA GRANADA<\/li>\n \t<li>CORPORACION CORDON DE VIDA<\/li>\n \t<li>CORPORACION COUNTRY CLUB EJECUTIVOS<\/li>\n \t<li>CORPORACI\u00d3N DE ACERO S.A.<\/li>\n \t<li>CORPORACION DE FOMENTO ASISTENCIAL DEL LICEO SALAZAR Y HERRERA Y DE LA INSTITUCION UNIVERSITARIA SALAZAR Y HERRERA CORSAHE<\/li>\n \t<li>CORPORACION DULAZAR PROVIVIENDA DIGNA<\/li>\n \t<li>CORPORACION EDUCATIVA SAN JOSE DE LAS VEGAS<\/li>\n \t<li>CORPORACION EDUCATIVA SAN JOS\u00c9 DE LAS VEGAS<\/li>\n \t<li>CORPORACI\u00d3N ESCUELA ECUESTRE BACAT\u00c1<\/li>\n \t<li>CORPORACION HACIENDA FIZEBAD<\/li>\n \t<li>CORPORACI\u00d3N MUNDIAL DE LA MUJER<\/li>\n \t<li>CORPORACI\u00d3N PARA EL DESARROLLO DEL OCCIDENTE ANTIOQUE\u00d1O<\/li>\n \t<li>CORPORACION SAINT ANDREWS DE COLOMBIA<\/li>\n \t<li>CORPORACION SANTAMARIA<\/li>\n \t<li>CORREDORES DE SEGUROS S.A.<\/li>\n \t<li>COTRAFA SOCIAL<\/li>\n \t<li>COVITRONIC S.A<\/li>\n \t<li>CUEROS V\u00c9LEZ S.A.<\/li>\n \t<li>CURTIEMBRES B\u00daFALO S.A.<\/li>\n \t<li>CURTIMBRES DE ITAG\u00dc\u00cd S.A.<\/li>\n \t<li>DE KOLLER &amp; CIA S.C.A.<\/li>\n \t<li>DELICROISSANT S.A.<\/li>\n \t<li>DESCAFEINADORA COLOMBIANA S.A. &#8220;DESCAFECOL&#8221;<\/li>\n \t<li>DILPAL S.A.S.<\/li>\n \t<li>DIME DISE\u00d1OS METALICOS S.A.S<\/li>\n \t<li>DIOCESIS DE SANTA ROSA DE OSOS<\/li>\n \t<li>DISCURRAMBA<\/li>\n \t<li>DISLICORES S.A.<\/li>\n \t<li>DISTRIBUCIONES JOTAGRO<\/li>\n \t<li>DIVAL S.A.<\/li>\n \t<li>DOBLEV\u00cdA COMUNICACIONES S.A.<\/li>\n \t<li>DOMETAL S.A.S<\/li>\n \t<li>DYNA Y COMPA\u00d1\u00cdA S.A.<\/li>\n \t<li>ECOOELSA CTA.<\/li>\n \t<li>EDIFICIO DANZAS PH<\/li>\n \t<li>ELECTROQU\u00cdMICA WEST S.A.<\/li>\n \t<li>ENERMONT S.A. E.S.P.<\/li>\n \t<li>ESCUELA NORMAL SUPERIOR ANTIOQUE\u00d1A<\/li>\n \t<li>ESCUELAS CATOLICAS<\/li>\n \t<li>ESCUELAS POPULARES EUCARISTICAS<\/li>\n \t<li>ESTRELLA AUTOMOTRIZ S.A.<\/li>\n \t<li>EVALUACI\u00d3N Y CONTROL S.A.S.<\/li>\n \t<li>EXPERTOS SEGURIDAD LTDA.<\/li>\n \t<li>EXTRUSIONES S.A.<\/li>\n \t<li>EYC GLOBAL S.A.S<\/li>\n \t<li>FABRICA DE BOLSAS DE PAPEL UNIBOL S.A.<\/li>\n \t<li>FABRICA DE TELAS NO TEJIDAS Y TEXTILES<\/li>\n \t<li>FABRIMUTUO 70 A\u00d1OS<\/li>\n \t<li>FAFORJAS BOL\u00cdVAR S.A.S.<\/li>\n \t<li>FAHILOS S.A.<\/li>\n \t<li>FAJAS M Y D POSQUIRURGICAS S.A.S.<\/li>\n \t<li>FECI &#8211; FONDO DE EMPLEADOS CURTIEMBRE<\/li>\n \t<li>FERRETER\u00cdA TORNILLOS Y ABRASIVOS S.A.S.<\/li>\n \t<li>FESCOM S.A.S<\/li>\n \t<li>FICEA S.A. E.S.P.<\/li>\n \t<li>FIDEICOMISO HOTEL SITES 45, FIDUCIARIA COLPATRIA S.A.<\/li>\n \t<li>FIRMEZA FUERZA INDAHAUZ S.A.S<\/li>\n \t<li>FIZEBAD S.A<\/li>\n \t<li>FLUIDSIGNAL GROUP S.A.<\/li>\n \t<li>FOMEC<\/li>\n \t<li>FOMENTE<\/li>\n \t<li>FOMIL<\/li>\n \t<li>FONDO DE COBERTURAS CREDITICIAS S.A.S<\/li>\n \t<li>FONDO DE EMPLEADOS DE LA FUNDACION EDUCATIVA ROCHESTER<\/li>\n \t<li>FONDO DE EMPLEADOS DE UNIPLES<\/li>\n \t<li>FONDO DE EMPLEADOS LANDERS Y CIA S.A.<\/li>\n \t<li>FONDO MUTUO DE AHORRO E INVERSI\u00d3N DE LEONISA<\/li>\n \t<li>FONDO MUTUO DE INVERSI\u00d3N<\/li>\n \t<li>FOTRACUB &#8211; FONDO DE EMPLEADOS DE CURTIEMBRES BUFALO S.A<\/li>\n \t<li>FUNDACION EDUCATIVA DE INGLATERRA<\/li>\n \t<li>FUNDACI\u00d3N ACCI\u00d3N SOLIDARIA ANGLO COLOMBIANO<\/li>\n \t<li>FUNDACION ALFONSO CASAS MORALES PARA LA PROMOCION HUMANA<\/li>\n \t<li>FUNDACION BANCO ARQUIDIOCESANO DE ALIMENTOS DE MEDELLIN<\/li>\n \t<li>FUNDACION BARRIOS DE JESUS<\/li>\n \t<li>FUNDACION CLUB CAMPESTRE GUAYMARAL<\/li>\n \t<li>FUNDACION CLUB LOS LAGARTOS<\/li> \t\n<\/ul>\t\t\t\t\t\t\t\t<\/div>\n\t\t\t\t<\/div>\n\t\t\t\t\t<\/div>\n\t\t<\/div>\n\t\t\t\t<div class=\"elementor-column elementor-col-50 elementor-top-column elementor-element elementor-element-40dac18\" data-id=\"40dac18\" data-element_type=\"column\" data-e-type=\"column\">\n\t\t\t<div class=\"elementor-widget-wrap elementor-element-populated\">\n\t\t\t\t\t\t<div class=\"elementor-element elementor-element-66301cc elementor-widget elementor-widget-text-editor\" data-id=\"66301cc\" data-element_type=\"widget\" data-e-type=\"widget\" data-widget_type=\"text-editor.default\">\n\t\t\t\t<div class=\"elementor-widget-container\">\n\t\t\t\t\t\t\t\t\t<ul>\n<li>FUNDACI\u00d3N COLEGIO ANGLO COLOMBIANO<\/li>\n \t<li>FUNDACION CRECER EN PAZ<\/li>\n \t<li>FUNDACION EDUCATIVA ROCHESTER<\/li>\n \t<li>FUNDACION ELEGIR<\/li>\n \t<li>FUNDACION GIMNASIO CAMPESTRE<\/li>\n \t<li>FUNDACION GRUPO ARGOS<\/li>\n \t<li>FUNDACION HOGAR NUEVA GRANADA<\/li>\n \t<li>FUNDACI\u00d3N INSIGHT CRIME<\/li>\n \t<li>FUNDACION ONCE CALDAS<\/li>\n \t<li>FUNDACI\u00d3N PARA EL BENEFICIO S.A.S.<\/li>\n \t<li>FUNDACION PARA EL DESARROLLO DE ANTIOQUIA. ANTIOQUIA POR COLOMBIA PROANTIOQUIA<\/li>\n \t<li>FUNDACION PIA AUTONOMA CEMENTERIO CAMPOS DE PAZ<\/li>\n \t<li>FUNDACION PUNTOS VERDES LITO<\/li>\n \t<li>FUNDACION SACIAR<\/li>\n \t<li>FUNDACI\u00d3N SANTANDER<\/li>\n \t<li>FUNDACION THE COLUMBUS SCHOOL<\/li>\n \t<li>FUNDACION UNIDAD EDUCATIVA SAN MARCOS<\/li>\n \t<li>FUNDACION VIVA AIR<\/li>\n \t<li>FURIMA S.A.S<\/li>\n \t<li>GASES INDUSTRIALES DE COLOMBIA S.A.<\/li>\n \t<li>GASPROJECT S.A.<\/li>\n \t<li>GELCO S.A.<\/li>\n \t<li>GLOBAL PIECES S.A.<\/li>\n \t<li>GLOBAL SERVICE PHARMACEUTICAL S.A.S.<\/li>\n \t<li>GMP PRODUCTOS QUIMICOS S.A<\/li>\n \t<li>GOMEZ PINEDA ABOGADOS S.A.S<\/li>\n \t<li>GRANJAS INFANTILES DE JESUS OBRERO<\/li>\n \t<li>GRIFFITH COLOMBIA S.A.<\/li>\n \t<li>GRUPO ARGOS S.A.<\/li>\n \t<li>GRUPO FAMILIAR LOPEZ S.A.S<\/li>\n \t<li>GRUPO FUNERARIO S.A.S.<\/li>\n \t<li>GRUPO SOCHI S.A.S<\/li>\n \t<li>HIDROELECTRICA BARRANCAS S.A.S E.S.P<\/li>\n \t<li>HOGAR Y MODA S.A.S.<\/li>\n \t<li>HOGARES DE ACOGIDA BELEN CARDENAL LOPEZ TRUJILLO<\/li>\n \t<li>HOGARES INFANTILES SAN JOSE<\/li>\n \t<li>HOLDING TRES A S.A.S<\/li>\n \t<li>HOTEL BELFORT<\/li>\n \t<li>HOTEL DANN CARLTON MEDELL\u00cdN<\/li>\n \t<li>IFRS MASTERS COLOMBIA S.A.S<\/li>\n \t<li>IG SERVICES S.A.S.<\/li>\n \t<li>IMEWAT S.A.S<\/li>\n \t<li>INCAMETAL S.A.<\/li>\n \t<li>INDUSTRIA COLOMBIA S.A.<\/li>\n \t<li>INDUSTRIAS ESTRA S.A<\/li>\n \t<li>INDUSTRIAS HORUZ S.A.S<\/li>\n \t<li>INDUSTRIAS METALICAS LOS PINOS S.A<\/li>\n \t<li>INDUSTRIAS VERA S.A.<\/li>\n \t<li>INGEMEDICAS SANTANDER LTDA.<\/li>\n \t<li>INMOBILIARIA KENWORTH S.A.S<\/li>\n \t<li>INSITU MOBILE SOFTWARE S.A.<\/li>\n \t<li>INSTITUCION UNIVERSITARIA SALAZAR Y HERRERA<\/li>\n \t<li>INSTITUTO ANTIOQUE\u00d1O DE REPRODUCCION INSER<\/li>\n \t<li>INSTITUTO CRISTO REY<\/li>\n \t<li>INSTITUTO DE FERTILIDAD HUMANA INSER EJE CAFETERO S.A.S<\/li>\n \t<li>INSTITUTO DE FERTILIDAD HUMANA S.A.S<\/li>\n \t<li>INSTITUTO PARROQUIAL JESUS DE LA BUENA ESPERANZA<\/li>\n \t<li>INSTITUTO VICARIAL JESUS MAESTRO<\/li>\n \t<li>INSUMOS DEL AGRO S.A.S.<\/li>\n \t<li>INTERCONEXI\u00d3N EL\u00c9CTRICA S.A. E.S.P.<\/li>\n \t<li>INTEREJECUTIVA S.A.S.<\/li>\n \t<li>INTERNACIONAL EJECUTIVA DE AVIACI\u00d3N S.A.S.<\/li>\n \t<li>INVERSIONES<\/li>\n \t<li>INVERSIONES ALVAREZ SIERRA S.A.S &#8220;INALSI S.A.S&#8221;<\/li>\n \t<li>INVERSIONES E INDUSTRIA S.A.<\/li>\n \t<li>INVERSIONES GONDWANA S.A.S.<\/li>\n \t<li>INVERSIONES PUERCO RICO S.A<\/li>\n \t<li>INVERSIONES PUERTA LOPEZ<\/li>\n \t<li>INVERSIONES TALAVERA DE LA REINA S.A.<\/li>\n \t<li>ISAGEN S.A. E.S.P.<\/li>\n \t<li>JEANS PLATINO S.A<\/li>\n \t<li>JORDAVILA S.A.<\/li>\n \t<li>JUAN CARLOS MORENO BERNAL &#8220;EL ESTABLO&#8221;<\/li>\n \t<li>KC ANTIOQUIA GLOBAL LTDA.<\/li>\n \t<li>KENWORTH DE LA MONTA\u00d1A S.A.S<\/li>\n \t<li>KINCO S.A.S.<\/li>\n \t<li>LA FERRERIA S.A.<\/li>\n \t<li>LA HONDURA S.A.<\/li>\n \t<li>LAMIEMPAQUES<\/li>\n \t<li>LEON DARIO CORREA FLOREZ<\/li>\n \t<li>LICEO FRANCISCO RESTREPO MOLINA<\/li>\n \t<li>LICEO SALAZAR Y HERRERA<\/li>\n \t<li>LICEO SAN RAFAEL<\/li>\n \t<li>LIDERGAS LTDA.<\/li>\n \t<li>LIFE FACTOR S.A.S<\/li>\n \t<li>LIFE FACTOR ZONA FRANCA<\/li>\n \t<li>LINEA DIRECTA S.A.<\/li>\n \t<li>LITO S.A.S<\/li>\n \t<li>LOGISTICS AND SERVICES S.A.S<\/li>\n \t<li>MADERINCO S.A.S<\/li>\n \t<li>MALAI S.A.S<\/li>\n \t<li>MASA VIEIRA &amp; CIA S.C.A<\/li>\n \t<li>MOLECULAR INFUSIONS COLOMBIA S.A.S<\/li>\n \t<li>MONASTERIO DE LA ENSE\u00d1ANZA COMPA\u00d1\u00cdA DE MARIA<\/li>\n \t<li>MONTACARGAS A.M &amp; M. S.A.S<\/li>\n \t<li>MONTERREY GRAN CENTRO COMERCIAL P.H<\/li>\n \t<li>MU MECANICOS UNIDOS S.A.S<\/li>\n \t<li>MVM INGENIEROS DE SOFTWARE<\/li>\n \t<li>NAVAMOR S.A.S<\/li>\n \t<li>NOVILI S.A<\/li>\n \t<li>NUTRIMENTI DE COLOMBIA S.A.S<\/li>\n \t<li>NUTRIUM S.A.S<\/li>\n \t<li>NUTRIVEC S.A.S<\/li>\n \t<li>OMYA ANDINA S.A<\/li>\n \t<li>ONCE CALDAS S.A<\/li>\n \t<li>OPERADORA AV\u00cdCOLA S.A.S.<\/li>\n \t<li>OPERADORA DE SERVICIOS S.A.S<\/li>\n \t<li>PANACA S.A.<\/li>\n \t<li>PAPELES DEL CAUCA S.A.<\/li>\n \t<li>PATRIMONIO AUT\u00d3NOMO COLPATRIA \u2013 GIR\u00c1RTELAS<\/li>\n \t<li>PIMPOLLO S.A.S.<\/li>\n \t<li>PLANTA DE FAENADO AMAGA S.A<\/li>\n \t<li>PLANTA DE FAENADO AMAGA S.A &#8220;PLAFA&#8221;<\/li>\n \t<li>POBLADO COUNTRY CLUB S.A<\/li>\n \t<li>PREVENCIONISTAS EN AMBIENTE<\/li>\n \t<li>PRODECON LTDA.<\/li>\n \t<li>PRODUCCIONES WILLVIN LTDA.<\/li>\n \t<li>PRODUCTORA DE CABLES S.A.<\/li>\n \t<li>PRODUCTORA DE JUGOS S.A.<\/li>\n \t<li>PRODUCTOS ALIMENTICIOS BARY S.A.<\/li>\n \t<li>PROHESA S.A.<\/li>\n \t<li>PROMIGAS S.A. E.S.P.<\/li>\n \t<li>PROMOTORA DE BIENES \u2013 PROBIEN<\/li>\n \t<li>PROMOTORA DE FERRETERIAS DEL MUEBLE S.A.S<\/li>\n \t<li>PROMOTORA FGL S.A.S.<\/li>\n \t<li>PROMOTORA S. ESCOBAR Y CIA S.C.A<\/li>\n \t<li>Q ONE QUARTZSTONE S.A.S<\/li>\n \t<li>QESTIONS AND ANSWERS CONSULTING S.A.<\/li>\n \t<li>RECYA S.A.S<\/li>\n \t<li>REFORESTADORA<\/li>\n \t<li>RITUALES FUNERARIOS S.A.<\/li>\n \t<li>ROIBACK LATAM SUCURSAL COLOMBIA<\/li>\n \t<li>RYCAR LTDA.<\/li>\n \t<li>SAFE COLOMBIANA S.A.<\/li>\n \t<li>SALUD Y SEGURIDAD LTDA.<\/li>\n \t<li>SATOR S.A.S.<\/li>\n \t<li>SEDIC S.A.<\/li>\n \t<li>SEMCO S.A.<\/li>\n \t<li>SERVICIO INTEGRADOS DE MERCHANDISING S.A.S.<\/li>\n \t<li>SERVICIOS EDUCATIVOS ESPECIALIZADOS LTDA.<\/li>\n \t<li>SIDER\u00daRGICA DEL NORTE S.A.<\/li>\n \t<li>SILA GROUP S.A.S.<\/li>\n \t<li>SITUM S.A.S.<\/li>\n \t<li>SOBERANA SAS<\/li>\n \t<li>SOFTWARE QUALITY ASSURANCE S.A.<\/li>\n \t<li>SORPLAST S.A.S<\/li>\n \t<li>SPARCOL CHEMICALS &amp; LIFE S.A.S<\/li>\n \t<li>SPECIAL TOURS S.A.<\/li>\n \t<li>S\u00daPER POLLO PAISA S.A.S.<\/li>\n \t<li>TABELCO S.A.S.<\/li>\n \t<li>TECNICENTRO SAN JUAN<\/li>\n \t<li>T\u00c9CNICOS RECUDIR S.A.<\/li>\n \t<li>TECNOAJ\u00cd LTDA.<\/li>\n \t<li>TECNOVA INTERCOMERCIAL LTDA.<\/li>\n \t<li>TEKIA S.A.S.<\/li>\n \t<li>TODO IMPRESOS LTDA.<\/li>\n \t<li>TR\u00c9BOL SOFTWARE S.A.<\/li>\n \t<li>TRULY NOLEN BOGOTA S.A<\/li>\n \t<li>TRULY NOLEN SOLUCIONES S.A<\/li>\n \t<li>UN SOLO PROVEEDOR S.A.<\/li>\n \t<li>UNIDAD DE EXTENSION COLEGIO SAN JOSE DE LAS VEGAS<\/li>\n \t<li>UNION TEMPORAL ALIANZA EDUCATIVA<\/li>\n \t<li>UNION TEMPORAL GESTORES &#8211; ALIANZA EDUCATIVA<\/li>\n \t<li>UNIVERSIDAD CATOLICA DE ORIENTE<\/li>\n \t<li>UNIVERSIDAD CAT\u00d3LICA DE PEREIRA<\/li>\n \t<li>UNIVERSIDAD PONTIFICIA BOLIVARIANA<\/li>\n \t<li>USHUAIA JEANS S.A.S<\/li>\n \t<li>VECTOR FOODS<\/li>\n \t<li>VEHIDIESEL S.A.<\/li>\n \t<li>VEHIPARTES S.A.<\/li>\n \t<li>VELEZ PALACIO S.A<\/li>\n \t<li>VIMAPRO S.A.S<\/li>\n \t<li>VINCULAMOS S.A.S<\/li>\n \t<li>XM &#8211; C\u00cdA. DE EXPERTOS EN MERCADOS S.A. E.S.P.<\/li>\n<\/ul>\t\t\t\t\t\t\t\t<\/div>\n\t\t\t\t<\/div>\n\t\t\t\t\t<\/div>\n\t\t<\/div>\n\t\t\t\t\t<\/div>\n\t\t<\/section>\n\t\t\t\t<section class=\"elementor-section elementor-top-section elementor-element elementor-element-0d9fd9f elementor-section-boxed elementor-section-height-default elementor-section-height-default\" data-id=\"0d9fd9f\" data-element_type=\"section\" data-e-type=\"section\">\n\t\t\t\t\t\t<div class=\"elementor-container elementor-column-gap-default\">\n\t\t\t\t\t<div class=\"elementor-column elementor-col-100 elementor-top-column elementor-element elementor-element-7c2b4e6\" data-id=\"7c2b4e6\" data-element_type=\"column\" data-e-type=\"column\">\n\t\t\t<div class=\"elementor-widget-wrap elementor-element-populated\">\n\t\t\t\t\t\t<div class=\"elementor-element elementor-element-75ef075 elementor-widget elementor-widget-heading\" data-id=\"75ef075\" data-element_type=\"widget\" data-e-type=\"widget\" data-widget_type=\"heading.default\">\n\t\t\t\t<div class=\"elementor-widget-container\">\n\t\t\t\t\t<h2 class=\"elementor-heading-title elementor-size-medium\">Hoy nuestra organizaci\u00f3n tiene presencia en Medell\u00edn, Bogot\u00e1 y Barranquilla\ncon clientes que sirven a la econom\u00eda nacional desde diferentes industrias.<\/h2>\t\t\t\t<\/div>\n\t\t\t\t<\/div>\n\t\t\t\t\t<\/div>\n\t\t<\/div>\n\t\t\t\t\t<\/div>\n\t\t<\/section>\n\t\t\t\t<\/div>\n\t\t","protected":false},"excerpt":{"rendered":"<p>Nuestra Historia desde 1997 ha sido creada con nuestros clientes 3M COLOMBIA S.A 4 A FASHION S.A.S A. ESCOBAR RESTREPO &amp; CIA S.C.A EN LIQUIDACI\u00d3N ABURRA LTDA. ACCI\u00d3N FIDUCIARIA S.A. ACP UNO SAS ACUATUBOS LTDA. ADA TOURS S.A.S ADMINISTRADORA HOTELERA<\/p>\n","protected":false},"author":1,"featured_media":0,"parent":0,"menu_order":0,"comment_status":"closed","ping_status":"closed","template":"","meta":{"footnotes":""},"class_list":["post-497","page","type-page","status-publish","hentry"],"_links":{"self":[{"href":"https:\/\/gerenciaycontrol.com.co\/index.php?rest_route=\/wp\/v2\/pages\/497","targetHints":{"allow":["GET"]}}],"collection":[{"href":"https:\/\/gerenciaycontrol.com.co\/index.php?rest_route=\/wp\/v2\/pages"}],"about":[{"href":"https:\/\/gerenciaycontrol.com.co\/index.php?rest_route=\/wp\/v2\/types\/page"}],"author":[{"embeddable":true,"href":"https:\/\/gerenciaycontrol.com.co\/index.php?rest_route=\/wp\/v2\/users\/1"}],"replies":[{"embeddable":true,"href":"https:\/\/gerenciaycontrol.com.co\/index.php?rest_route=%2Fwp%2Fv2%2Fcomments&post=497"}],"version-history":[{"count":18,"href":"https:\/\/gerenciaycontrol.com.co\/index.php?rest_route=\/wp\/v2\/pages\/497\/revisions"}],"predecessor-version":[{"id":819,"href":"https:\/\/gerenciaycontrol.com.co\/index.php?rest_route=\/wp\/v2\/pages\/497\/revisions\/819"}],"wp:attachment":[{"href":"https:\/\/gerenciaycontrol.com.co\/index.php?rest_route=%2Fwp%2Fv2%2Fmedia&parent=497"}],"curies":[{"name":"wp","href":"https:\/\/api.w.org\/{rel}","templated":true}]}}